{"id":173,"date":"2026-04-01T15:51:00","date_gmt":"2026-04-01T13:51:00","guid":{"rendered":"https:\/\/assia.monsieurrado.fr\/?page_id=173"},"modified":"2026-04-01T16:10:58","modified_gmt":"2026-04-01T14:10:58","slug":"nous","status":"publish","type":"page","link":"https:\/\/assia.monsieurrado.fr\/index.php\/nous\/","title":{"rendered":"Nous"},"content":{"rendered":"\n<p>Qui sommes-nous et comment proc\u00e9dons nous ? <br>Notre site comporte plusieurs pages. Vous pourrez y trouver des articles sur diff\u00e9rents types de destinations (villes, montagnes et plages), qui sont r\u00e9uni dans la cat\u00e9gorie BLOG. Une page contact est pr\u00e9sente afin de pouvoir nous contacter. Gr\u00e2ce a l\u2019extension WooCommerce, nous avons mis en place une boutique proposant des vols, des h\u00e9bergements et des activit\u00e9s. L\u2019onglet PANIER est la afin que vous puissiez valider votre commande. <\/p>\n\n\n\n<p>Nous avons utiliser wordpress afin de concevoir ce site, le th\u00e8me Hestia a \u00e9t\u00e9 s\u00e9lectionn\u00e9 afin de d\u00e9corer notre site. <br>Notre objectif est de vous faire d\u00e9couvrir des destinations et de vous donner envie de voyager \u00e0 travers le monde et de d\u00e9couvrir de nouvelles activit\u00e9s. <br><\/p>\n","protected":false},"excerpt":{"rendered":"<p>Qui sommes-nous et comment proc\u00e9dons nous ? Notre site comporte plusieurs pages. Vous pourrez y trouver des articles sur diff\u00e9rents types de destinations (villes, montagnes et plages), qui sont r\u00e9uni dans la cat\u00e9gorie BLOG. Une page contact est pr\u00e9sente afin de pouvoir nous contacter. Gr\u00e2ce a l\u2019extension WooCommerce, nous avons [&hellip;]<\/p>\n","protected":false},"author":1,"featured_media":0,"parent":0,"menu_order":0,"comment_status":"closed","ping_status":"closed","template":"","meta":{"footnotes":""},"class_list":["post-173","page","type-page","status-publish","hentry"],"_links":{"self":[{"href":"https:\/\/assia.monsieurrado.fr\/index.php\/wp-json\/wp\/v2\/pages\/173","targetHints":{"allow":["GET"]}}],"collection":[{"href":"https:\/\/assia.monsieurrado.fr\/index.php\/wp-json\/wp\/v2\/pages"}],"about":[{"href":"https:\/\/assia.monsieurrado.fr\/index.php\/wp-json\/wp\/v2\/types\/page"}],"author":[{"embeddable":true,"href":"https:\/\/assia.monsieurrado.fr\/index.php\/wp-json\/wp\/v2\/users\/1"}],"replies":[{"embeddable":true,"href":"https:\/\/assia.monsieurrado.fr\/index.php\/wp-json\/wp\/v2\/comments?post=173"}],"version-history":[{"count":2,"href":"https:\/\/assia.monsieurrado.fr\/index.php\/wp-json\/wp\/v2\/pages\/173\/revisions"}],"predecessor-version":[{"id":184,"href":"https:\/\/assia.monsieurrado.fr\/index.php\/wp-json\/wp\/v2\/pages\/173\/revisions\/184"}],"wp:attachment":[{"href":"https:\/\/assia.monsieurrado.fr\/index.php\/wp-json\/wp\/v2\/media?parent=173"}],"curies":[{"name":"wp","href":"https:\/\/api.w.org\/{rel}","templated":true}]}}